{"id":22873,"date":"2025-05-09T16:20:26","date_gmt":"2025-05-09T07:20:26","guid":{"rendered":"https:\/\/www.date119.jp\/?page_id=22873"},"modified":"2025-05-16T18:01:52","modified_gmt":"2025-05-16T09:01:52","slug":"%e3%80%90%e7%a2%ba%e8%aa%8d%e7%94%a8%e3%80%91%e4%bc%8a%e9%81%94%e5%9c%b0%e6%96%b9%e5%b0%91%e5%b9%b4%e6%b6%88%e9%98%b2%e3%82%af%e3%83%a9%e3%83%96%e5%8a%a0%e5%85%a5%e7%94%b3%e3%81%97%e8%be%bc%e3%81%bf","status":"publish","type":"page","link":"https:\/\/www.date119.jp\/?page_id=22873","title":{"rendered":"\u4f0a\u9054\u5730\u65b9\u5c11\u5e74\u6d88\u9632\u30af\u30e9\u30d6\u52a0\u5165\u7533\u3057\u8fbc\u307f"},"content":{"rendered":"\n<div class=\"wpcf7 no-js\" id=\"wpcf7-f22866-o1\" lang=\"ja\" dir=\"ltr\" data-wpcf7-id=\"22866\">\n<div class=\"screen-reader-response\"><p role=\"status\" aria-live=\"polite\" aria-atomic=\"true\"><\/p> <ul><\/ul><\/div>\n<script type=\"text\/javascript\" charset=\"UTF-8\" src=\"https:\/\/zipaddr.github.io\/zipaddrx.js?v=1.42\"><\/script><script defer src=\"data:text\/javascript;base64,ZnVuY3Rpb24gemlwYWRkcl9vd25iKCl7WlAuZGxpPSctJztaUC53cD0nMSc7WlAudXZlcj0nMTEzMzQuMjYxOTAuMTI2ODgnO1pQLnN5c2lkPSdDb250YWN0Rm9ybTcnO30=\"><\/script><script type=\"text\/javascript\" charset=\"UTF-8\" src=\"https:\/\/zipaddr.github.io\/contactform7.js\"><\/script><form action=\"\/index.php?rest_route=%2Fwp%2Fv2%2Fpages%2F22873#wpcf7-f22866-o1\" method=\"post\" class=\"wpcf7-form init\" aria-label=\"\u30b3\u30f3\u30bf\u30af\u30c8\u30d5\u30a9\u30fc\u30e0\" novalidate=\"novalidate\" data-status=\"init\">\n<fieldset class=\"hidden-fields-container\"><input type=\"hidden\" name=\"_wpcf7\" value=\"22866\" \/><input type=\"hidden\" name=\"_wpcf7_version\" value=\"6.1.5\" \/><input type=\"hidden\" name=\"_wpcf7_locale\" value=\"ja\" \/><input type=\"hidden\" name=\"_wpcf7_unit_tag\" value=\"wpcf7-f22866-o1\" \/><input type=\"hidden\" name=\"_wpcf7_container_post\" value=\"0\" \/><input type=\"hidden\" name=\"_wpcf7_posted_data_hash\" value=\"\" \/><input type=\"hidden\" name=\"_wpcf7cf_hidden_group_fields\" value=\"[]\" \/><input type=\"hidden\" name=\"_wpcf7cf_hidden_groups\" value=\"[]\" \/><input type=\"hidden\" name=\"_wpcf7cf_visible_groups\" value=\"[]\" \/><input type=\"hidden\" name=\"_wpcf7cf_repeaters\" value=\"[]\" \/><input type=\"hidden\" name=\"_wpcf7cf_steps\" value=\"{}\" \/><input type=\"hidden\" name=\"_wpcf7cf_options\" value=\"{&quot;form_id&quot;:22866,&quot;conditions&quot;:[],&quot;settings&quot;:{&quot;animation&quot;:&quot;yes&quot;,&quot;animation_intime&quot;:200,&quot;animation_outtime&quot;:200,&quot;conditions_ui&quot;:&quot;normal&quot;,&quot;notice_dismissed&quot;:false,&quot;notice_dismissed_update-cf7-6.0.1&quot;:true,&quot;notice_dismissed_update-cf7-6.1.3&quot;:true}}\" \/><input type=\"hidden\" name=\"_wpcf7_recaptcha_response\" value=\"\" \/>\n<\/fieldset>\n<div id=\"cf-tbl\">\n\t<p><label>\u53d7\u4ed8\u65e5\u4ed8\uff1a<span class=\"wpcf7-form-control-wrap\" data-name=\"todays-date\"><input class=\"wpcf7-form-control wpcf7-date wpcf7-validates-as-date\" id=\"todays-date\" aria-invalid=\"false\" value=\"\" type=\"date\" name=\"todays-date\" \/><\/span><\/label>\n\t<\/p>\n\t<table>\n\t\t<tbody>\n\t\t\t<tr>\n\t\t\t\t<th>\n\t\t\t\t\t<p>\u52a0\u5165\u8005\u6c0f\u540d<span class=\"required\">\uff08\u5fc5\u9808\uff09<\/span>\n\t\t\t\t\t<\/p>\n\t\t\t\t<\/th>\n\t\t\t\t<td>\n\t\t\t\t\t<p><span class=\"wpcf7-form-control-wrap\" data-name=\"your-name\"><input size=\"40\" maxlength=\"400\" class=\"wpcf7-form-control wpcf7-text wpcf7-validates-as-required\" aria-required=\"true\" aria-invalid=\"false\" placeholder=\"\u4f8b\uff1a\u6d88\u9632\u3000\u4e00\u90ce\" value=\"\" type=\"text\" name=\"your-name\" \/><\/span>\n\t\t\t\t\t<\/p>\n\t\t\t\t<\/td>\n\t\t\t<\/tr>\n\t\t\t<tr>\n\t\t\t\t<th>\n\t\t\t\t\t<p>\u3075\u308a\u304c\u306a<span class=\"required\">\uff08\u5fc5\u9808\uff09<\/span>\n\t\t\t\t\t<\/p>\n\t\t\t\t<\/th>\n\t\t\t\t<td>\n\t\t\t\t\t<p><span class=\"wpcf7-form-control-wrap\" data-name=\"your-furigana\"><input size=\"40\" maxlength=\"400\" class=\"wpcf7-form-control wpcf7-text wpcf7-validates-as-required\" aria-required=\"true\" aria-invalid=\"false\" placeholder=\"\u4f8b\uff1a\u3057\u3087\u3046\u307c\u3046\u3000\u3044\u3061\u308d\u3046\" value=\"\" type=\"text\" name=\"your-furigana\" \/><\/span>\n\t\t\t\t\t<\/p>\n\t\t\t\t<\/td>\n\t\t\t<\/tr>\n\t\t\t<tr>\n\t\t\t\t<th>\n\t\t\t\t\t<p>\u5b66\u6821\u540d<span class=\"required\">\uff08\u5fc5\u9808\uff09<\/span>\n\t\t\t\t\t<\/p>\n\t\t\t\t<\/th>\n\t\t\t\t<td>\n\t\t\t\t\t<p><span class=\"wpcf7-form-control-wrap\" data-name=\"your-school\"><input size=\"40\" maxlength=\"400\" class=\"wpcf7-form-control wpcf7-text wpcf7-validates-as-required\" aria-required=\"true\" aria-invalid=\"false\" placeholder=\"\u4f8b\uff1a\u25cb\u25cb\u5c0f\u5b66\u6821\" value=\"\" type=\"text\" name=\"your-school\" \/><\/span>\n\t\t\t\t\t<\/p>\n\t\t\t\t<\/td>\n\t\t\t<\/tr>\n\t\t\t<tr>\n\t\t\t\t<th>\n\t\t\t\t\t<p>\u5b66\u5e74<span class=\"required\">\uff08\u5fc5\u9808\uff09<\/span>\n\t\t\t\t\t<\/p>\n\t\t\t\t<\/th>\n\t\t\t\t<td>\n\t\t\t\t\t<p><span class=\"wpcf7-form-control-wrap\" data-name=\"your-syear\"><input size=\"40\" maxlength=\"400\" class=\"wpcf7-form-control wpcf7-text wpcf7-validates-as-required\" aria-required=\"true\" aria-invalid=\"false\" placeholder=\"\u4f8b\uff1a\u25cb\u5e74\" value=\"\" type=\"text\" name=\"your-syear\" \/><\/span>\n\t\t\t\t\t<\/p>\n\t\t\t\t<\/td>\n\t\t\t<\/tr>\n\t\t<\/tbody>\n\t<\/table>\n\t<table>\n\t\t<tbody>\n\t\t\t<tr>\n\t\t\t\t<th>\n\t\t\t\t\t<p>\u4fdd\u8b77\u8005\u6c0f\u540d<span class=\"required\">\uff08\u5fc5\u9808\uff09<\/span>\n\t\t\t\t\t<\/p>\n\t\t\t\t<\/th>\n\t\t\t\t<td>\n\t\t\t\t\t<p><span class=\"wpcf7-form-control-wrap\" data-name=\"your-parent\"><input size=\"40\" maxlength=\"400\" class=\"wpcf7-form-control wpcf7-text wpcf7-validates-as-required\" aria-required=\"true\" aria-invalid=\"false\" placeholder=\"\u4f8b\uff1a\u6d88\u9632\u3000\u592a\u90ce\" value=\"\" type=\"text\" name=\"your-parent\" \/><\/span>\n\t\t\t\t\t<\/p>\n\t\t\t\t<\/td>\n\t\t\t<\/tr>\n\t\t\t<tr>\n\t\t\t\t<th>\n\t\t\t\t\t<p>\u52a0\u5165\u8005\u3068\u306e\u7d9a\u67c4<span class=\"required\">\uff08\u5fc5\u9808\uff09<\/span>\n\t\t\t\t\t<\/p>\n\t\t\t\t<\/th>\n\t\t\t\t<td>\n\t\t\t\t\t<p><span class=\"wpcf7-form-control-wrap\" data-name=\"your-relationship\"><input size=\"40\" maxlength=\"400\" class=\"wpcf7-form-control wpcf7-text wpcf7-validates-as-required\" aria-required=\"true\" aria-invalid=\"false\" placeholder=\"\u4f8b\uff1a\u7236\" value=\"\" type=\"text\" name=\"your-relationship\" \/><\/span>\n\t\t\t\t\t<\/p>\n\t\t\t\t<\/td>\n\t\t\t<\/tr>\n\t\t\t<tr>\n\t\t\t\t<th rowspan=\"2\">\n\t\t\t\t\t<p>\u7dca\u6025\u6642\u9023\u7d61\u5148<span class=\"required\">\uff08\u5fc5\u9808\uff09<\/span>\n\t\t\t\t\t<\/p>\n\t\t\t\t<\/th>\n\t\t\t\t<td>\n\t\t\t\t\t<p><span class=\"wpcf7-form-control-wrap\" data-name=\"tel\"><input size=\"40\" maxlength=\"400\" class=\"wpcf7-form-control wpcf7-tel wpcf7-validates-as-required wpcf7-text wpcf7-validates-as-tel\" aria-required=\"true\" aria-invalid=\"false\" placeholder=\"\u4f8b\uff1a080-0000-0000\" value=\"\" type=\"tel\" name=\"tel\" \/><\/span>\n\t\t\t\t\t<\/p>\n\t\t\t\t<\/td>\n\t\t\t<\/tr>\n\t\t\t<tr>\n\t\t\t\t<td>\n\t\t\t\t\t<p class=\"c-comment\">\u7a2e\u5225\n\t\t\t\t\t<\/p>\n\t\t\t\t\t<p><span class=\"wpcf7-form-control-wrap\" data-name=\"radio-797\"><span class=\"wpcf7-form-control wpcf7-radio\"><span class=\"wpcf7-list-item first\"><label><input type=\"radio\" name=\"radio-797\" value=\"\u4f1a\u793e\" \/><span class=\"wpcf7-list-item-label\">\u4f1a\u793e<\/span><\/label><\/span><span class=\"wpcf7-list-item\"><label><input type=\"radio\" name=\"radio-797\" value=\"\u81ea\u5b85\" \/><span class=\"wpcf7-list-item-label\">\u81ea\u5b85<\/span><\/label><\/span><span class=\"wpcf7-list-item last\"><label><input type=\"radio\" name=\"radio-797\" value=\"\u643a\u5e2f\" \/><span class=\"wpcf7-list-item-label\">\u643a\u5e2f<\/span><\/label><\/span><\/span><\/span>\n\t\t\t\t\t<\/p>\n\t\t\t\t<\/td>\n\t\t\t<\/tr>\n\t\t\t<tr>\n\t\t\t\t<th rowspan=\"2\">\n\t\t\t\t\t<p>\u30e1\u30fc\u30eb\u30a2\u30c9\u30ec\u30b9<span class=\"required\">\uff08\u5fc5\u9808\uff09<\/span>\n\t\t\t\t\t<\/p>\n\t\t\t\t<\/th>\n\t\t\t\t<td>\n\t\t\t\t\t<p class=\"c-comment\">\u9023\u7d61\u624b\u6bb5\u3068\u3057\u3066\u4f7f\u7528\u3057\u307e\u3059\u306e\u3067\u3001 \u5bfe\u5fdc\u3067\u304d\u308be-mail\u3092\u8a18\u8f09\u3057\u3066\u304f\u3060\u3055\u3044\u3002\n\t\t\t\t\t<\/p>\n\t\t\t\t\t<p><span class=\"wpcf7-form-control-wrap\" data-name=\"your-email\"><input size=\"40\" maxlength=\"400\" class=\"wpcf7-form-control wpcf7-email wpcf7-validates-as-required wpcf7-text wpcf7-validates-as-email\" aria-required=\"true\" aria-invalid=\"false\" placeholder=\"\u4f8b\uff1a\u00d7\u00d7\u00d7@\u00d7\u00d7\u00d7.com\" value=\"\" type=\"email\" name=\"your-email\" \/><\/span>\n\t\t\t\t\t<\/p>\n\t\t\t\t<\/td>\n\t\t\t<\/tr>\n\t\t\t<tr>\n\t\t\t\t<td>\n\t\t\t\t\t<p class=\"c-comment\">\u78ba\u8a8d\u306e\u305f\u3081\u3001\u3082\u3046\u4e00\u5ea6\u3054\u5165\u529b\u3092\u304a\u9858\u3044\u3044\u305f\u3057\u307e\u3059\u3002\n\t\t\t\t\t<\/p>\n\t\t\t\t\t<p><span class=\"wpcf7-form-control-wrap\" data-name=\"your-email_confirm\"><input size=\"40\" maxlength=\"400\" class=\"wpcf7-form-control wpcf7-email wpcf7-validates-as-required wpcf7-text wpcf7-validates-as-email\" aria-required=\"true\" aria-invalid=\"false\" placeholder=\"\u4f8b\uff1a\u00d7\u00d7\u00d7@\u00d7\u00d7\u00d7.com\" value=\"\" type=\"email\" name=\"your-email_confirm\" \/><\/span>\n\t\t\t\t\t<\/p>\n\t\t\t\t<\/td>\n\t\t\t<\/tr>\n\t\t\t<tr>\n\t\t\t\t<th rowspan=\"2\">\n\t\t\t\t\t<p>\u4f4f\u3000\u6240<span class=\"required\">\uff08\u5fc5\u9808\uff09<\/span>\n\t\t\t\t\t<\/p>\n\t\t\t\t<\/th>\n\t\t\t\t<td>\n\t\t\t\t\t<p class=\"c-comment\">\u90f5\u4fbf\u756a\u53f7\n\t\t\t\t\t<\/p>\n\t\t\t\t\t<p><span class=\"wpcf7-form-control-wrap\" data-name=\"zip\"><input size=\"40\" maxlength=\"400\" class=\"wpcf7-form-control wpcf7-text wpcf7-validates-as-required\" id=\"zip\" aria-required=\"true\" aria-invalid=\"false\" placeholder=\"\u30cf\u30a4\u30d5\u30f3\u306a\u3057\u3067\u5165\u529b\" value=\"\" type=\"text\" name=\"zip\" \/><\/span>\n\t\t\t\t\t<\/p>\n\t\t\t\t<\/td>\n\t\t\t<\/tr>\n\t\t\t<tr>\n\t\t\t\t<td>\n\t\t\t\t\t<p class=\"c-comment\">\u4f4f\u6240<span>\uff08\u756a\u5730\u307e\u3067\u5fc5\u305a\u5165\u529b\u3057\u3066\u304f\u3060\u3055\u3044\u3002\uff09<\/span>\n\t\t\t\t\t<\/p>\n\t\t\t\t\t<p><span class=\"wpcf7-form-control-wrap\" data-name=\"addr\"><input size=\"40\" maxlength=\"400\" class=\"wpcf7-form-control wpcf7-text wpcf7-validates-as-required\" id=\"addr\" aria-required=\"true\" aria-invalid=\"false\" value=\"\" type=\"text\" name=\"addr\" \/><\/span>\n\t\t\t\t\t<\/p>\n\t\t\t\t<\/td>\n\t\t\t<\/tr>\n\t\t\t<tr>\n\t\t\t\t<th>\n\t\t\t\t\t<p>\u5199\u771f\u7b49\u306e\u64ae\u5f71\u30fb\u5229\u7528\u306b\u3064\u3044\u3066<span class=\"required\">\uff08\u5fc5\u9808\uff09<\/span>\n\t\t\t\t\t<\/p>\n\t\t\t\t<\/th>\n\t\t\t\t<td>\n\t\t\t\t\t<p><span class=\"wpcf7-form-control-wrap\" data-name=\"radio-320\"><span class=\"wpcf7-form-control wpcf7-radio\"><span class=\"wpcf7-list-item first\"><label><input type=\"radio\" name=\"radio-320\" value=\"\u627f\u8afe\u3057\u307e\u3059\" \/><span class=\"wpcf7-list-item-label\">\u627f\u8afe\u3057\u307e\u3059<\/span><\/label><\/span><span class=\"wpcf7-list-item last\"><label><input type=\"radio\" name=\"radio-320\" value=\"\u627f\u8afe\u3057\u307e\u305b\u3093\" \/><span class=\"wpcf7-list-item-label\">\u627f\u8afe\u3057\u307e\u305b\u3093<\/span><\/label><\/span><\/span><\/span>\n\t\t\t\t\t<\/p>\n\t\t\t\t<\/td>\n\t\t\t<\/tr>\n\t\t<\/tbody>\n\t<\/table>\n<\/div>\n<div class=\"acceptance__ch\">\n\t<div class=\"acceptance__txt\">\n\t\t<p class=\"acceptance__ttl\">\u500b\u4eba\u60c5\u5831\u306e\u53d6\u308a\u6271\u3044\u306b\u3064\u3044\u3066<span class=\"required\">\uff08\u5fc5\u9808\uff09<\/span>\n\t\t<\/p>\n\t\t<p class=\"a__txt\">\u672c\u7533\u8fbc\u66f8\u306b\u304a\u3044\u3066\u53ce\u96c6\u3057\u305f\u500b\u4eba\u60c5\u5831\u306f\u3001\u5c11\u5e74\u6d88\u9632\u30af\u30e9\u30d6\u306e\u6d3b\u52d5\u306e\u9023\u7d61\u306e\u305f\u3081\u306b\u5229\u7528\u3044\u305f\u3057\u307e\u3059\u3002\u307e\u305f\u3001\u5c11\u5e74\u6d88\u9632\u30af\u30e9\u30d6\u306e\u6d3b\u52d5\u3067\u64ae\u5f71\uff08\u53ce\u96c6\uff09\u3057\u305f\u5199\u771f\u7b49\u306f\u3001\u5c11\u5e74\u6d88\u9632\u30af\u30e9\u30d6\u306e\u5e83\u5831\u3092\u76ee\u7684\u306b\u30db\u30fc\u30e0\u30da\u30fc\u30b8\u30fb\u5e83\u5831\u8a8c\u7b49\u3067\u6d3b\u7528\u3044\u305f\u3057\u307e\u3059\u3002\u306a\u304a\u3001\u53ce\u96c6\u3057\u305f \u500b\u4eba\u60c5\u5831\u306f\u9069\u5207\u306b\u7ba1\u7406\u3044\u305f\u3057\u307e\u3059\u3002<br \/>\n\u540c\u610f\u3044\u305f\u3060\u3051\u308b\u65b9\u306f\u4ee5\u4e0b\u306b\u30c1\u30a7\u30c3\u30af\u3092\u5165\u308c\u3066\u9001\u4fe1\u3057\u3066\u304f\u3060\u3055\u3044\u3002\n\t\t<\/p>\n\t<\/div>\n\t<div class=\"acceptance__txt\">\n\t\t<p>\u9001\u4fe1\u5f8c\u306b\u81ea\u52d5\u3067\u78ba\u8a8d\u30e1\u30fc\u30eb\u3092\u9001\u4fe1\u3057\u3066\u3044\u307e\u3059\u3002\u3082\u3057\u3001\u5c4a\u304b\u306a\u3044\u5834\u5408\u3001\u5165\u529b\u3044\u305f\u3060\u3044\u305f\u30e1\u30fc\u30eb\u30a2\u30c9\u30ec\u30b9\u306b\u9593\u9055\u3044\u304c\u3042\u308b\u304b\u3001\u8ff7\u60d1\u30e1\u30fc\u30eb\u3068\u3057\u3066\u8a8d\u8b58\u3055\u308c\u3066\u3044\u308b\u53ef\u80fd\u6027\u304c\u3042\u308a\u307e\u3059\u306e\u3067\u3001\u3054\u78ba\u8a8d\u304f\u3060\u3055\u3044\u3002\n\t\t<\/p>\n\t<\/div>\n\t<div class=\"acceptance__btn\">\n\t\t<p><span class=\"wpcf7-form-control-wrap\" data-name=\"acceptance-568\"><span class=\"wpcf7-form-control wpcf7-acceptance\"><span class=\"wpcf7-list-item\"><label><input type=\"checkbox\" name=\"acceptance-568\" value=\"1\" aria-invalid=\"false\" \/><span class=\"wpcf7-list-item-label\">\u540c\u610f\u3059\u308b<\/span><\/label><\/span><\/span><\/span>\n\t\t<\/p>\n\t<\/div>\n<\/div>\n<div class=\"submit-wrap\">\n\t<p><input class=\"wpcf7-form-control wpcf7-submit has-spinner\" type=\"submit\" value=\"\u3053\u306e\u5185\u5bb9\u3067\u9001\u4fe1\u3059\u308b\" \/>\n\t<\/p>\n<\/div>\n<p><script type=\"text\/javascript\">\n var today = new Date();\n today.setDate(today.getDate());\n var yyyy = today.getFullYear();\n var mm = (\"0\"+(today.getMonth()+1)).slice(-2);\n var dd = (\"0\"+today.getDate()).slice(-2);\n document.getElementById(\"todays-date\").value = yyyy + \"-\" + mm + \"-\" + dd;\n<\/script>\n<\/p><div class=\"wpcf7-response-output\" aria-hidden=\"true\"><\/div>\n<\/form>\n<\/div>\n\n","protected":false},"excerpt":{"rendered":"","protected":false},"author":1,"featured_media":0,"parent":0,"menu_order":0,"comment_status":"closed","ping_status":"closed","template":"","meta":{"_acf_changed":false,"footnotes":""},"class_list":["post-22873","page","type-page","status-publish","hentry"],"acf":[],"aioseo_notices":[],"publishpress_future_action":{"enabled":false,"date":"2026-05-24 11:38:13","action":"change-status","newStatus":"draft","terms":[],"taxonomy":"","extraData":[]},"publishpress_future_workflow_manual_trigger":{"enabledWorkflows":[]},"_links":{"self":[{"href":"https:\/\/www.date119.jp\/index.php?rest_route=\/wp\/v2\/pages\/22873","targetHints":{"allow":["GET"]}}],"collection":[{"href":"https:\/\/www.date119.jp\/index.php?rest_route=\/wp\/v2\/pages"}],"about":[{"href":"https:\/\/www.date119.jp\/index.php?rest_route=\/wp\/v2\/types\/page"}],"author":[{"embeddable":true,"href":"https:\/\/www.date119.jp\/index.php?rest_route=\/wp\/v2\/users\/1"}],"replies":[{"embeddable":true,"href":"https:\/\/www.date119.jp\/index.php?rest_route=%2Fwp%2Fv2%2Fcomments&post=22873"}],"version-history":[{"count":2,"href":"https:\/\/www.date119.jp\/index.php?rest_route=\/wp\/v2\/pages\/22873\/revisions"}],"predecessor-version":[{"id":22974,"href":"https:\/\/www.date119.jp\/index.php?rest_route=\/wp\/v2\/pages\/22873\/revisions\/22974"}],"wp:attachment":[{"href":"https:\/\/www.date119.jp\/index.php?rest_route=%2Fwp%2Fv2%2Fmedia&parent=22873"}],"curies":[{"name":"wp","href":"https:\/\/api.w.org\/{rel}","templated":true}]}}