{"id":374,"date":"2026-04-22T14:48:34","date_gmt":"2026-04-22T05:48:34","guid":{"rendered":"http:\/\/150.60.170.199\/control\/?page_id=374"},"modified":"2026-04-22T14:50:36","modified_gmt":"2026-04-22T05:50:36","slug":"%e3%81%8a%e5%95%8f%e5%90%88%e3%81%9b","status":"publish","type":"page","link":"https:\/\/www.date119.jp\/?page_id=374","title":{"rendered":"\u304a\u554f\u5408\u305b"},"content":{"rendered":"<p style=\"padding: 1em 0.5em 0 1em; font-size: 1.2em; font-weight: 900;\">\u203b\u706b\u707d\u767a\u751f\u72b6\u6cc1\u7b49\u306f\u3001<span style=\"color: red;\">\u706b\u707d\u30fb\u707d\u5bb3\u60c5\u5831\u30c6\u30ec\u30db\u30f3\u30b5\u30fc\u30d3\u30b9\uff08050-5527-3633\uff09<\/span>\u3092\u3054\u5229\u7528\u4e0b\u3055\u3044\u3002<br \/>\n\u203b\u304a\u554f\u5408\u305b\u5b8c\u4e86\u6642\u306b\u81ea\u52d5\u3067\u78ba\u8a8d\u30e1\u30fc\u30eb\u3092\u9001\u4fe1\u3057\u3066\u3044\u307e\u3059\u3002\u3082\u3057\u3001\u5c4a\u304b\u306a\u3044\u5834\u5408\u3001\u5165\u529b\u3044\u305f\u3060\u3044\u305f\u30e1\u30fc\u30eb\u30a2\u30c9\u30ec\u30b9\u306b\u9593\u9055\u3044\u304c\u3042\u308b\u304b\u3001\u8ff7\u60d1\u30e1\u30fc\u30eb\u3068\u3057\u3066\u8a8d\u8b58\u3055\u308c\u3066\u3044\u308b\u53ef\u80fd\u6027\u304c\u3042\u308a\u307e\u3059\u3002\u8ff7\u60d1\u30e1\u30fc\u30eb\u3082\u3057\u304f\u306f\u30b4\u30df\u7bb1\u306e\u4e2d\u8eab\u3092\u3054\u78ba\u8a8d\u3044\u305f\u3060\u304f\u304b\u3001\u30e1\u30fc\u30eb\u30bd\u30d5\u30c8\u306e\u8a2d\u5b9a\u3092\u3054\u78ba\u8a8d\u304f\u3060\u3055\u3044\u3002<\/p>\n\n<div class=\"wpcf7 no-js\" id=\"wpcf7-f373-o1\" lang=\"ja\" dir=\"ltr\" data-wpcf7-id=\"373\">\n<div class=\"screen-reader-response\"><p role=\"status\" aria-live=\"polite\" aria-atomic=\"true\"><\/p> <ul><\/ul><\/div>\n<script type=\"text\/javascript\" charset=\"UTF-8\" src=\"https:\/\/zipaddr.github.io\/zipaddrx.js?v=1.42\"><\/script><script defer src=\"data:text\/javascript;base64,ZnVuY3Rpb24gemlwYWRkcl9vd25iKCl7WlAuZGxpPSctJztaUC53cD0nMSc7WlAudXZlcj0nMjIyMzQuODYxOTEuNjI2MTQnO1pQLnN5c2lkPSdDb250YWN0Rm9ybTcnO30=\"><\/script><script type=\"text\/javascript\" charset=\"UTF-8\" src=\"https:\/\/zipaddr.github.io\/contactform7.js\"><\/script><form action=\"\/index.php?rest_route=%2Fwp%2Fv2%2Fpages%2F374#wpcf7-f373-o1\" method=\"post\" class=\"wpcf7-form init\" aria-label=\"\u30b3\u30f3\u30bf\u30af\u30c8\u30d5\u30a9\u30fc\u30e0\" novalidate=\"novalidate\" data-status=\"init\">\n<fieldset class=\"hidden-fields-container\"><input type=\"hidden\" name=\"_wpcf7\" value=\"373\" \/><input type=\"hidden\" name=\"_wpcf7_version\" value=\"6.1.5\" \/><input type=\"hidden\" name=\"_wpcf7_locale\" value=\"ja\" \/><input type=\"hidden\" name=\"_wpcf7_unit_tag\" value=\"wpcf7-f373-o1\" \/><input type=\"hidden\" name=\"_wpcf7_container_post\" value=\"0\" \/><input type=\"hidden\" name=\"_wpcf7_posted_data_hash\" value=\"\" \/><input type=\"hidden\" name=\"_wpcf7cf_hidden_group_fields\" value=\"[]\" \/><input type=\"hidden\" name=\"_wpcf7cf_hidden_groups\" value=\"[]\" \/><input type=\"hidden\" name=\"_wpcf7cf_visible_groups\" value=\"[]\" \/><input type=\"hidden\" name=\"_wpcf7cf_repeaters\" value=\"[]\" \/><input type=\"hidden\" name=\"_wpcf7cf_steps\" value=\"{}\" \/><input type=\"hidden\" name=\"_wpcf7cf_options\" value=\"{&quot;form_id&quot;:373,&quot;conditions&quot;:[],&quot;settings&quot;:{&quot;animation&quot;:&quot;yes&quot;,&quot;animation_intime&quot;:200,&quot;animation_outtime&quot;:200,&quot;conditions_ui&quot;:&quot;normal&quot;,&quot;notice_dismissed&quot;:false,&quot;notice_dismissed_update-cf7-6.0.1&quot;:true,&quot;notice_dismissed_update-cf7-6.1.3&quot;:true}}\" \/><input type=\"hidden\" name=\"_wpcf7_recaptcha_response\" value=\"\" \/>\n<\/fieldset>\n<div id=\"cf-tbl\">\n\t<table>\n\t\t<tbody>\n\t\t\t<tr>\n\t\t\t\t<th>\n\t\t\t\t\t<p>\u304a\u540d\u524d<span class=\"required\">\uff08\u5fc5\u9808\uff09<\/span>\n\t\t\t\t\t<\/p>\n\t\t\t\t<\/th>\n\t\t\t\t<td>\n\t\t\t\t\t<p><span class=\"wpcf7-form-control-wrap\" data-name=\"your-name\"><input size=\"40\" maxlength=\"400\" class=\"wpcf7-form-control wpcf7-text wpcf7-validates-as-required\" aria-required=\"true\" aria-invalid=\"false\" placeholder=\"\u4f8b\uff1a\u6d88\u9632\u3000\u4e00\u90ce\" value=\"\" type=\"text\" name=\"your-name\" \/><\/span>\n\t\t\t\t\t<\/p>\n\t\t\t\t<\/td>\n\t\t\t<\/tr>\n\t\t\t<tr>\n\t\t\t\t<th rowspan=\"2\">\n\t\t\t\t\t<p>\u30e1\u30fc\u30eb\u30a2\u30c9\u30ec\u30b9<span class=\"required\">\uff08\u5fc5\u9808\uff09<\/span>\n\t\t\t\t\t<\/p>\n\t\t\t\t<\/th>\n\t\t\t\t<td>\n\t\t\t\t\t<p><span class=\"wpcf7-form-control-wrap\" data-name=\"your-email\"><input size=\"40\" maxlength=\"400\" class=\"wpcf7-form-control wpcf7-email wpcf7-validates-as-required wpcf7-text wpcf7-validates-as-email\" aria-required=\"true\" aria-invalid=\"false\" placeholder=\"\u4f8b\uff1a\u00d7\u00d7\u00d7@\u00d7\u00d7\u00d7.com\" value=\"\" type=\"email\" name=\"your-email\" \/><\/span>\n\t\t\t\t\t<\/p>\n\t\t\t\t<\/td>\n\t\t\t<\/tr>\n\t\t\t<tr>\n\t\t\t\t<td>\n\t\t\t\t\t<p class=\"c-comment\">\u78ba\u8a8d\u306e\u305f\u3081\u3001\u3082\u3046\u4e00\u5ea6\u3054\u5165\u529b\u3092\u304a\u9858\u3044\u3044\u305f\u3057\u307e\u3059\u3002\n\t\t\t\t\t<\/p>\n\t\t\t\t\t<p><span class=\"wpcf7-form-control-wrap\" data-name=\"your-email_confirm\"><input size=\"40\" maxlength=\"400\" class=\"wpcf7-form-control wpcf7-email wpcf7-validates-as-required wpcf7-text wpcf7-validates-as-email\" aria-required=\"true\" aria-invalid=\"false\" placeholder=\"\u4f8b\uff1a\u00d7\u00d7\u00d7@\u00d7\u00d7\u00d7.com\" value=\"\" type=\"email\" name=\"your-email_confirm\" \/><\/span>\n\t\t\t\t\t<\/p>\n\t\t\t\t<\/td>\n\t\t\t<\/tr>\n\t\t\t<tr>\n\t\t\t\t<th rowspan=\"2\">\n\t\t\t\t\t<p>\u304a\u554f\u5408\u305b\u5185\u5bb9<span class=\"required\">\uff08\u5fc5\u9808\uff09<\/span>\n\t\t\t\t\t<\/p>\n\t\t\t\t<\/th>\n\t\t\t\t<td>\n\t\t\t\t\t<p><span class=\"wpcf7-form-control-wrap\" data-name=\"your-message\"><textarea cols=\"40\" rows=\"10\" maxlength=\"2000\" class=\"wpcf7-form-control wpcf7-textarea\" aria-invalid=\"false\" placeholder=\"\u304a\u554f\u5408\u305b\u5185\u5bb9\u3092\u8a18\u5165\u3057\u3066\u304f\u3060\u3055\u3044\" name=\"your-message\"><\/textarea><\/span>\n\t\t\t\t\t<\/p>\n\t\t\t\t<\/td>\n\t\t\t<\/tr>\n\t\t<\/tbody>\n\t<\/table>\n<\/div>\n<div class=\"submit-wrap\">\n\t<p><input class=\"wpcf7-form-control wpcf7-submit has-spinner\" type=\"submit\" value=\"\u3053\u306e\u5185\u5bb9\u3067\u9001\u4fe1\u3059\u308b\" \/>\n\t<\/p>\n<\/div><div class=\"wpcf7-response-output\" aria-hidden=\"true\"><\/div>\n<\/form>\n<\/div>\n\n","protected":false},"excerpt":{"rendered":"<p>\u203b\u706b\u707d\u767a\u751f\u72b6\u6cc1\u7b49\u306f\u3001\u706b\u707d\u30fb\u707d\u5bb3\u60c5\u5831\u30c6\u30ec\u30db\u30f3\u30b5\u30fc\u30d3\u30b9\uff08050-5527-3633\uff09\u3092\u3054\u5229\u7528\u4e0b\u3055\u3044\u3002 \u203b\u304a\u554f\u5408\u305b\u5b8c\u4e86\u6642\u306b\u81ea\u52d5\u3067\u78ba\u8a8d\u30e1\u30fc\u30eb\u3092\u9001\u4fe1\u3057\u3066\u3044\u307e\u3059\u3002\u3082\u3057\u3001\u5c4a\u304b\u306a\u3044\u5834\u5408\u3001\u5165\u529b\u3044\u305f\u3060\u3044\u305f\u30e1\u30fc\u30eb\u30a2\u30c9\u30ec\u30b9\u306b\u9593\u9055\u3044\u304c\u3042\u308b\u304b\u3001\u8ff7\u60d1 &#8230;<\/p>\n","protected":false},"author":1,"featured_media":0,"parent":0,"menu_order":0,"comment_status":"closed","ping_status":"closed","template":"","meta":{"_acf_changed":false,"footnotes":""},"class_list":["post-374","page","type-page","status-publish","hentry"],"acf":[],"aioseo_notices":[],"publishpress_future_action":{"enabled":false,"date":"2026-05-23 08:54:41","action":"change-status","newStatus":"draft","terms":[],"taxonomy":"","extraData":[]},"publishpress_future_workflow_manual_trigger":{"enabledWorkflows":[]},"_links":{"self":[{"href":"https:\/\/www.date119.jp\/index.php?rest_route=\/wp\/v2\/pages\/374","targetHints":{"allow":["GET"]}}],"collection":[{"href":"https:\/\/www.date119.jp\/index.php?rest_route=\/wp\/v2\/pages"}],"about":[{"href":"https:\/\/www.date119.jp\/index.php?rest_route=\/wp\/v2\/types\/page"}],"author":[{"embeddable":true,"href":"https:\/\/www.date119.jp\/index.php?rest_route=\/wp\/v2\/users\/1"}],"replies":[{"embeddable":true,"href":"https:\/\/www.date119.jp\/index.php?rest_route=%2Fwp%2Fv2%2Fcomments&post=374"}],"version-history":[{"count":8,"href":"https:\/\/www.date119.jp\/index.php?rest_route=\/wp\/v2\/pages\/374\/revisions"}],"predecessor-version":[{"id":26804,"href":"https:\/\/www.date119.jp\/index.php?rest_route=\/wp\/v2\/pages\/374\/revisions\/26804"}],"wp:attachment":[{"href":"https:\/\/www.date119.jp\/index.php?rest_route=%2Fwp%2Fv2%2Fmedia&parent=374"}],"curies":[{"name":"wp","href":"https:\/\/api.w.org\/{rel}","templated":true}]}}